{"id":2263,"date":"2021-06-07T13:08:03","date_gmt":"2021-06-07T10:08:03","guid":{"rendered":"http:\/\/adatrustar.com.tr\/?page_id=2263"},"modified":"2021-09-03T16:38:20","modified_gmt":"2021-09-03T13:38:20","slug":"referanslar","status":"publish","type":"page","link":"https:\/\/adatrustar.com.tr\/index.php\/referanslar\/","title":{"rendered":"Referanslar"},"content":{"rendered":"\t\t<div data-elementor-type=\"wp-page\" data-elementor-id=\"2263\" class=\"elementor elementor-2263\">\n\t\t\t\t\t\t<section class=\"elementor-section elementor-top-section elementor-element elementor-element-97eae11 elementor-section-stretched elementor-section-full_width elementor-section-height-default elementor-section-height-default\" data-id=\"97eae11\" data-element_type=\"section\" data-settings=\"{&quot;stretch_section&quot;:&quot;section-stretched&quot;,&quot;background_background&quot;:&quot;classic&quot;}\">\n\t\t\t\t\t\t<div class=\"elementor-container elementor-column-gap-default\">\n\t\t\t\t\t<div class=\"elementor-column elementor-col-100 elementor-top-column elementor-element elementor-element-e75bd14\" data-id=\"e75bd14\" data-element_type=\"column\">\n\t\t\t<div class=\"elementor-widget-wrap elementor-element-populated\">\n\t\t\t\t\t\t<div class=\"elementor-element elementor-element-ab8631b elementor-widget elementor-widget-spacer\" data-id=\"ab8631b\" data-element_type=\"widget\" data-widget_type=\"spacer.default\">\n\t\t\t\t<div class=\"elementor-widget-container\">\n\t\t\t\t\t\t\t<div class=\"elementor-spacer\">\n\t\t\t<div class=\"elementor-spacer-inner\"><\/div>\n\t\t<\/div>\n\t\t\t\t\t\t<\/div>\n\t\t\t\t<\/div>\n\t\t\t\t<div class=\"elementor-element elementor-element-baf6ad8 align-center elementor-widget elementor-widget-mae-headings\" data-id=\"baf6ad8\" data-element_type=\"widget\" data-widget_type=\"mae-headings.default\">\n\t\t\t\t<div class=\"elementor-widget-container\">\n\t\t\t\t\t\t\t<div class=\"master-heading\">\n\t        \n\t        \t        <h2 class=\"main-heading\">REFERANSLARIMIZ<\/h2>\n\t        \n\t        \n\t        \t            <div class=\"sub-heading\">Sizleri de aram\u0131zda g\u00f6rmekten mutluluk duyar\u0131z.\n\n<\/div>\n\t        \t    <\/div>\n\t    \t\t\t\t<\/div>\n\t\t\t\t<\/div>\n\t\t\t\t<div class=\"elementor-element elementor-element-41ee3d6 elementor-widget elementor-widget-spacer\" data-id=\"41ee3d6\" data-element_type=\"widget\" data-widget_type=\"spacer.default\">\n\t\t\t\t<div class=\"elementor-widget-container\">\n\t\t\t\t\t\t\t<div class=\"elementor-spacer\">\n\t\t\t<div class=\"elementor-spacer-inner\"><\/div>\n\t\t<\/div>\n\t\t\t\t\t\t<\/div>\n\t\t\t\t<\/div>\n\t\t\t\t<div class=\"elementor-element elementor-element-1a6da29 elementor-widget elementor-widget-mae-partner-carousel\" data-id=\"1a6da29\" data-element_type=\"widget\" data-widget_type=\"mae-partner-carousel.default\">\n\t\t\t\t<div class=\"elementor-widget-container\">\n\t\t\t\t\t\n        <div class=\"master-carousel-box\" data-config='{\"column\":\"4\",\"gap\":\"30px\",\"arrowPosition\":null,\"arrowMiddleOffset\":null,\"arrowTopOffset\":null,\"dotOffset\":null,\"fullRight\":false,\"autoPlay\":true,\"prevNextButtons\":false,\"pageDots\":false}'>\n                            <div class=\"master-partner item-carousel\">\n                    <a href=\"\">\n                        <img decoding=\"async\" alt=\"Logo\" src=\"http:\/\/adatrustar.com.tr\/wp-content\/uploads\/2021\/06\/ref1.jpg\" \/>\n                    <\/a>\n                <\/div>\n                            <div class=\"master-partner item-carousel\">\n                    <a href=\"\">\n                        <img decoding=\"async\" alt=\"Logo\" src=\"http:\/\/adatrustar.com.tr\/wp-content\/uploads\/2021\/06\/ref2.jpg\" \/>\n                    <\/a>\n                <\/div>\n                            <div class=\"master-partner item-carousel\">\n                    <a href=\"\">\n                        <img decoding=\"async\" alt=\"Logo\" src=\"http:\/\/adatrustar.com.tr\/wp-content\/uploads\/2021\/06\/ref3.jpg\" \/>\n                    <\/a>\n                <\/div>\n                            <div class=\"master-partner item-carousel\">\n                    <a href=\"\">\n                        <img decoding=\"async\" alt=\"Logo\" src=\"http:\/\/adatrustar.com.tr\/wp-content\/uploads\/2021\/06\/ref4.jpg\" \/>\n                    <\/a>\n                <\/div>\n                    <\/div>\n\n        \t\t\t\t<\/div>\n\t\t\t\t<\/div>\n\t\t\t\t<div class=\"elementor-element elementor-element-6d60e3a elementor-widget elementor-widget-mae-partner-carousel\" data-id=\"6d60e3a\" data-element_type=\"widget\" data-widget_type=\"mae-partner-carousel.default\">\n\t\t\t\t<div class=\"elementor-widget-container\">\n\t\t\t\t\t\n        <div class=\"master-carousel-box\" data-config='{\"column\":\"4\",\"gap\":\"30px\",\"arrowPosition\":null,\"arrowMiddleOffset\":null,\"arrowTopOffset\":null,\"dotOffset\":null,\"fullRight\":false,\"autoPlay\":true,\"prevNextButtons\":false,\"pageDots\":false}'>\n                            <div class=\"master-partner item-carousel\">\n                    <a href=\"\">\n                        <img decoding=\"async\" alt=\"Logo\" src=\"http:\/\/adatrustar.com.tr\/wp-content\/uploads\/2021\/06\/ref5.jpg\" \/>\n                    <\/a>\n                <\/div>\n                            <div class=\"master-partner item-carousel\">\n                    <a href=\"\">\n                        <img decoding=\"async\" alt=\"Logo\" src=\"http:\/\/adatrustar.com.tr\/wp-content\/uploads\/2021\/06\/ref6.jpg\" \/>\n                    <\/a>\n                <\/div>\n                            <div class=\"master-partner item-carousel\">\n                    <a href=\"\">\n                        <img decoding=\"async\" alt=\"Logo\" src=\"http:\/\/adatrustar.com.tr\/wp-content\/uploads\/2021\/06\/ref7.jpg\" \/>\n                    <\/a>\n                <\/div>\n                            <div class=\"master-partner item-carousel\">\n                    <a href=\"\">\n                        <img decoding=\"async\" alt=\"Logo\" src=\"http:\/\/adatrustar.com.tr\/wp-content\/uploads\/2021\/06\/ref8.jpg\" \/>\n                    <\/a>\n                <\/div>\n                    <\/div>\n\n        \t\t\t\t<\/div>\n\t\t\t\t<\/div>\n\t\t\t\t<div class=\"elementor-element elementor-element-22729a8 elementor-widget elementor-widget-mae-partner-carousel\" data-id=\"22729a8\" data-element_type=\"widget\" data-widget_type=\"mae-partner-carousel.default\">\n\t\t\t\t<div class=\"elementor-widget-container\">\n\t\t\t\t\t\n        <div class=\"master-carousel-box\" data-config='{\"column\":\"4\",\"gap\":\"30px\",\"arrowPosition\":null,\"arrowMiddleOffset\":null,\"arrowTopOffset\":null,\"dotOffset\":null,\"fullRight\":false,\"autoPlay\":true,\"prevNextButtons\":false,\"pageDots\":false}'>\n                            <div class=\"master-partner item-carousel\">\n                    <a href=\"\">\n                        <img decoding=\"async\" alt=\"Logo\" src=\"http:\/\/adatrustar.com.tr\/wp-content\/uploads\/2021\/06\/ref9.jpg\" \/>\n                    <\/a>\n                <\/div>\n                            <div class=\"master-partner item-carousel\">\n                    <a href=\"\">\n                        <img decoding=\"async\" alt=\"Logo\" src=\"http:\/\/adatrustar.com.tr\/wp-content\/uploads\/2021\/06\/ref10.jpg\" \/>\n                    <\/a>\n                <\/div>\n                            <div class=\"master-partner item-carousel\">\n                    <a href=\"\">\n                        <img decoding=\"async\" alt=\"Logo\" src=\"http:\/\/adatrustar.com.tr\/wp-content\/uploads\/2021\/06\/ref11.jpg\" \/>\n                    <\/a>\n                <\/div>\n                            <div class=\"master-partner item-carousel\">\n                    <a href=\"\">\n                        <img decoding=\"async\" alt=\"Logo\" src=\"http:\/\/adatrustar.com.tr\/wp-content\/uploads\/2021\/06\/ref12.jpg\" \/>\n                    <\/a>\n                <\/div>\n                    <\/div>\n\n        \t\t\t\t<\/div>\n\t\t\t\t<\/div>\n\t\t\t\t<div class=\"elementor-element elementor-element-be28691 elementor-widget elementor-widget-mae-partner-carousel\" data-id=\"be28691\" data-element_type=\"widget\" data-widget_type=\"mae-partner-carousel.default\">\n\t\t\t\t<div class=\"elementor-widget-container\">\n\t\t\t\t\t\n        <div class=\"master-carousel-box\" data-config='{\"column\":\"4\",\"gap\":\"30px\",\"arrowPosition\":null,\"arrowMiddleOffset\":null,\"arrowTopOffset\":null,\"dotOffset\":null,\"fullRight\":false,\"autoPlay\":true,\"prevNextButtons\":false,\"pageDots\":false}'>\n                            <div class=\"master-partner item-carousel\">\n                    <a href=\"\">\n                        <img decoding=\"async\" alt=\"Logo\" src=\"http:\/\/adatrustar.com.tr\/wp-content\/uploads\/2021\/06\/ref13.jpg\" \/>\n                    <\/a>\n                <\/div>\n                            <div class=\"master-partner item-carousel\">\n                    <a href=\"\">\n                        <img decoding=\"async\" alt=\"Logo\" src=\"http:\/\/adatrustar.com.tr\/wp-content\/uploads\/2021\/06\/ref14.jpg\" \/>\n                    <\/a>\n                <\/div>\n                            <div class=\"master-partner item-carousel\">\n                    <a href=\"\">\n                        <img decoding=\"async\" alt=\"Logo\" src=\"http:\/\/adatrustar.com.tr\/wp-content\/uploads\/2021\/06\/ref15.jpg\" \/>\n                    <\/a>\n                <\/div>\n                            <div class=\"master-partner item-carousel\">\n                    <a href=\"\">\n                        <img decoding=\"async\" alt=\"Logo\" src=\"http:\/\/adatrustar.com.tr\/wp-content\/uploads\/2021\/06\/ref16.jpg\" \/>\n                    <\/a>\n                <\/div>\n                    <\/div>\n\n        \t\t\t\t<\/div>\n\t\t\t\t<\/div>\n\t\t\t\t<div class=\"elementor-element elementor-element-63f4c6b elementor-widget elementor-widget-mae-partner-carousel\" data-id=\"63f4c6b\" data-element_type=\"widget\" data-widget_type=\"mae-partner-carousel.default\">\n\t\t\t\t<div class=\"elementor-widget-container\">\n\t\t\t\t\t\n        <div class=\"master-carousel-box\" data-config='{\"column\":\"4\",\"gap\":\"30px\",\"arrowPosition\":null,\"arrowMiddleOffset\":null,\"arrowTopOffset\":null,\"dotOffset\":null,\"fullRight\":false,\"autoPlay\":true,\"prevNextButtons\":false,\"pageDots\":false}'>\n                            <div class=\"master-partner item-carousel\">\n                    <a href=\"\">\n                        <img decoding=\"async\" alt=\"Logo\" src=\"http:\/\/adatrustar.com.tr\/wp-content\/uploads\/2021\/06\/ref17.jpg\" \/>\n                    <\/a>\n                <\/div>\n                            <div class=\"master-partner item-carousel\">\n                    <a href=\"\">\n                        <img decoding=\"async\" alt=\"Logo\" src=\"http:\/\/adatrustar.com.tr\/wp-content\/uploads\/2021\/06\/ref18.jpg\" \/>\n                    <\/a>\n                <\/div>\n                            <div class=\"master-partner item-carousel\">\n                    <a href=\"\">\n                        <img decoding=\"async\" alt=\"Logo\" src=\"http:\/\/adatrustar.com.tr\/wp-content\/uploads\/2021\/06\/ref19.jpg\" \/>\n                    <\/a>\n                <\/div>\n                            <div class=\"master-partner item-carousel\">\n                    <a href=\"\">\n                        <img decoding=\"async\" alt=\"Logo\" src=\"http:\/\/adatrustar.com.tr\/wp-content\/uploads\/2021\/06\/ref20.jpg\" \/>\n                    <\/a>\n                <\/div>\n                    <\/div>\n\n        \t\t\t\t<\/div>\n\t\t\t\t<\/div>\n\t\t\t\t<div class=\"elementor-element elementor-element-62ecb4a elementor-widget elementor-widget-mae-partner-carousel\" data-id=\"62ecb4a\" data-element_type=\"widget\" data-widget_type=\"mae-partner-carousel.default\">\n\t\t\t\t<div class=\"elementor-widget-container\">\n\t\t\t\t\t\n        <div class=\"master-carousel-box\" data-config='{\"column\":\"4\",\"gap\":\"30px\",\"arrowPosition\":null,\"arrowMiddleOffset\":null,\"arrowTopOffset\":null,\"dotOffset\":null,\"fullRight\":false,\"autoPlay\":true,\"prevNextButtons\":false,\"pageDots\":false}'>\n                            <div class=\"master-partner item-carousel\">\n                    <a href=\"\">\n                        <img decoding=\"async\" alt=\"Logo\" src=\"http:\/\/adatrustar.com.tr\/wp-content\/uploads\/2021\/06\/ref21.jpg\" \/>\n                    <\/a>\n                <\/div>\n                            <div class=\"master-partner item-carousel\">\n                    <a href=\"\">\n                        <img decoding=\"async\" alt=\"Logo\" src=\"http:\/\/adatrustar.com.tr\/wp-content\/uploads\/2021\/06\/ref22.jpg\" \/>\n                    <\/a>\n                <\/div>\n                            <div class=\"master-partner item-carousel\">\n                    <a href=\"\">\n                        <img decoding=\"async\" alt=\"Logo\" src=\"http:\/\/adatrustar.com.tr\/wp-content\/uploads\/2021\/06\/ref23.jpg\" \/>\n                    <\/a>\n                <\/div>\n                            <div class=\"master-partner item-carousel\">\n                    <a href=\"\">\n                        <img decoding=\"async\" alt=\"Logo\" src=\"http:\/\/adatrustar.com.tr\/wp-content\/uploads\/2021\/06\/ref24.jpg\" \/>\n                    <\/a>\n                <\/div>\n                    <\/div>\n\n        \t\t\t\t<\/div>\n\t\t\t\t<\/div>\n\t\t\t\t<div class=\"elementor-element elementor-element-b1c324e elementor-widget elementor-widget-mae-partner-carousel\" data-id=\"b1c324e\" data-element_type=\"widget\" data-widget_type=\"mae-partner-carousel.default\">\n\t\t\t\t<div class=\"elementor-widget-container\">\n\t\t\t\t\t\n        <div class=\"master-carousel-box\" data-config='{\"column\":\"4\",\"gap\":\"30px\",\"arrowPosition\":null,\"arrowMiddleOffset\":null,\"arrowTopOffset\":null,\"dotOffset\":null,\"fullRight\":false,\"autoPlay\":true,\"prevNextButtons\":false,\"pageDots\":false}'>\n                            <div class=\"master-partner item-carousel\">\n                    <a href=\"\">\n                        <img decoding=\"async\" alt=\"Logo\" src=\"http:\/\/adatrustar.com.tr\/wp-content\/uploads\/2021\/06\/ref25.jpg\" \/>\n                    <\/a>\n                <\/div>\n                            <div class=\"master-partner item-carousel\">\n                    <a href=\"\">\n                        <img decoding=\"async\" alt=\"Logo\" src=\"http:\/\/adatrustar.com.tr\/wp-content\/uploads\/2021\/06\/ref26.jpg\" \/>\n                    <\/a>\n                <\/div>\n                            <div class=\"master-partner item-carousel\">\n                    <a href=\"\">\n                        <img decoding=\"async\" alt=\"Logo\" src=\"http:\/\/adatrustar.com.tr\/wp-content\/uploads\/2021\/06\/ref27.jpg\" \/>\n                    <\/a>\n                <\/div>\n                            <div class=\"master-partner item-carousel\">\n                    <a href=\"\">\n                        <img decoding=\"async\" alt=\"Logo\" src=\"http:\/\/adatrustar.com.tr\/wp-content\/uploads\/2021\/06\/ref28.jpg\" \/>\n                    <\/a>\n                <\/div>\n                    <\/div>\n\n        \t\t\t\t<\/div>\n\t\t\t\t<\/div>\n\t\t\t\t<div class=\"elementor-element elementor-element-59be85d elementor-widget elementor-widget-mae-partner-carousel\" data-id=\"59be85d\" data-element_type=\"widget\" data-widget_type=\"mae-partner-carousel.default\">\n\t\t\t\t<div class=\"elementor-widget-container\">\n\t\t\t\t\t\n        <div class=\"master-carousel-box\" data-config='{\"column\":\"4\",\"gap\":\"30px\",\"arrowPosition\":null,\"arrowMiddleOffset\":null,\"arrowTopOffset\":null,\"dotOffset\":null,\"fullRight\":false,\"autoPlay\":true,\"prevNextButtons\":false,\"pageDots\":false}'>\n                            <div class=\"master-partner item-carousel\">\n                    <a href=\"\">\n                        <img decoding=\"async\" alt=\"Logo\" src=\"http:\/\/adatrustar.com.tr\/wp-content\/uploads\/2021\/06\/ref29.jpg\" \/>\n                    <\/a>\n                <\/div>\n                            <div class=\"master-partner item-carousel\">\n                    <a href=\"\">\n                        <img decoding=\"async\" alt=\"Logo\" src=\"http:\/\/adatrustar.com.tr\/wp-content\/uploads\/2021\/06\/ref30.jpg\" \/>\n                    <\/a>\n                <\/div>\n                            <div class=\"master-partner item-carousel\">\n                    <a href=\"\">\n                        <img decoding=\"async\" alt=\"Logo\" src=\"http:\/\/adatrustar.com.tr\/wp-content\/uploads\/2021\/06\/ref31.jpg\" \/>\n                    <\/a>\n                <\/div>\n                            <div class=\"master-partner item-carousel\">\n                    <a href=\"\">\n                        <img decoding=\"async\" alt=\"Logo\" src=\"http:\/\/adatrustar.com.tr\/wp-content\/uploads\/2021\/06\/ref32.jpg\" \/>\n                    <\/a>\n                <\/div>\n                    <\/div>\n\n        \t\t\t\t<\/div>\n\t\t\t\t<\/div>\n\t\t\t\t<div class=\"elementor-element elementor-element-83de744 elementor-widget elementor-widget-mae-partner-carousel\" data-id=\"83de744\" data-element_type=\"widget\" data-widget_type=\"mae-partner-carousel.default\">\n\t\t\t\t<div class=\"elementor-widget-container\">\n\t\t\t\t\t\n        <div class=\"master-carousel-box\" data-config='{\"column\":\"4\",\"gap\":\"30px\",\"arrowPosition\":null,\"arrowMiddleOffset\":null,\"arrowTopOffset\":null,\"dotOffset\":null,\"fullRight\":false,\"autoPlay\":true,\"prevNextButtons\":false,\"pageDots\":false}'>\n                            <div class=\"master-partner item-carousel\">\n                    <a href=\"\">\n                        <img decoding=\"async\" alt=\"Logo\" src=\"http:\/\/adatrustar.com.tr\/wp-content\/uploads\/2021\/06\/ref33.jpg\" \/>\n                    <\/a>\n                <\/div>\n                            <div class=\"master-partner item-carousel\">\n                    <a href=\"\">\n                        <img decoding=\"async\" alt=\"Logo\" src=\"http:\/\/adatrustar.com.tr\/wp-content\/uploads\/2021\/06\/ref34.jpg\" \/>\n                    <\/a>\n                <\/div>\n                            <div class=\"master-partner item-carousel\">\n                    <a href=\"\">\n                        <img decoding=\"async\" alt=\"Logo\" src=\"http:\/\/adatrustar.com.tr\/wp-content\/uploads\/2021\/06\/ref35.jpg\" \/>\n                    <\/a>\n                <\/div>\n                            <div class=\"master-partner item-carousel\">\n                    <a href=\"\">\n                        <img decoding=\"async\" alt=\"Logo\" src=\"http:\/\/adatrustar.com.tr\/wp-content\/uploads\/2021\/06\/ref36.jpg\" \/>\n                    <\/a>\n                <\/div>\n                    <\/div>\n\n        \t\t\t\t<\/div>\n\t\t\t\t<\/div>\n\t\t\t\t<div class=\"elementor-element elementor-element-878df56 elementor-widget elementor-widget-spacer\" data-id=\"878df56\" data-element_type=\"widget\" data-widget_type=\"spacer.default\">\n\t\t\t\t<div class=\"elementor-widget-container\">\n\t\t\t\t\t\t\t<div class=\"elementor-spacer\">\n\t\t\t<div class=\"elementor-spacer-inner\"><\/div>\n\t\t<\/div>\n\t\t\t\t\t\t<\/div>\n\t\t\t\t<\/div>\n\t\t\t\t\t<\/div>\n\t\t<\/div>\n\t\t\t\t\t<\/div>\n\t\t<\/section>\n\t\t\t\t<section class=\"elementor-section elementor-top-section elementor-element elementor-element-5423857 elementor-section-stretched elementor-section-full_width elementor-section-height-default elementor-section-height-default\" data-id=\"5423857\" data-element_type=\"section\" data-settings=\"{&quot;stretch_section&quot;:&quot;section-stretched&quot;,&quot;background_background&quot;:&quot;classic&quot;}\">\n\t\t\t\t\t\t<div class=\"elementor-container elementor-column-gap-default\">\n\t\t\t\t\t<div class=\"elementor-column elementor-col-100 elementor-top-column elementor-element elementor-element-f5c1539\" data-id=\"f5c1539\" data-element_type=\"column\">\n\t\t\t<div class=\"elementor-widget-wrap elementor-element-populated\">\n\t\t\t\t\t\t<div class=\"elementor-element elementor-element-24a7bed elementor-widget elementor-widget-spacer\" data-id=\"24a7bed\" data-element_type=\"widget\" data-widget_type=\"spacer.default\">\n\t\t\t\t<div class=\"elementor-widget-container\">\n\t\t\t\t\t\t\t<div class=\"elementor-spacer\">\n\t\t\t<div class=\"elementor-spacer-inner\"><\/div>\n\t\t<\/div>\n\t\t\t\t\t\t<\/div>\n\t\t\t\t<\/div>\n\t\t\t\t<div class=\"elementor-element elementor-element-7a69a5b align-center elementor-widget elementor-widget-mae-headings\" data-id=\"7a69a5b\" data-element_type=\"widget\" data-widget_type=\"mae-headings.default\">\n\t\t\t\t<div class=\"elementor-widget-container\">\n\t\t\t\t\t\t\t<div class=\"master-heading\">\n\t        \n\t        \t        <h2 class=\"main-heading\">ADA TRuSt\u5927r MUHENDISLIK D\u0131\u015f Ticaret\n<\/h2>\n\t        \n\t        \n\t        \t    <\/div>\n\t    \t\t\t\t<\/div>\n\t\t\t\t<\/div>\n\t\t\t\t<div class=\"elementor-element elementor-element-f98e263 elementor-widget elementor-widget-spacer\" data-id=\"f98e263\" data-element_type=\"widget\" data-widget_type=\"spacer.default\">\n\t\t\t\t<div class=\"elementor-widget-container\">\n\t\t\t\t\t\t\t<div class=\"elementor-spacer\">\n\t\t\t<div class=\"elementor-spacer-inner\"><\/div>\n\t\t<\/div>\n\t\t\t\t\t\t<\/div>\n\t\t\t\t<\/div>\n\t\t\t\t<div class=\"elementor-element elementor-element-5c5135b elementor-widget elementor-widget-mae-video-icon\" data-id=\"5c5135b\" data-element_type=\"widget\" data-widget_type=\"mae-video-icon.default\">\n\t\t\t\t<div class=\"elementor-widget-container\">\n\t\t\t\t\t\t\t<div class=\"master-video-icon\">\n\t\t\t<div class=\"btn-inner\">\n\t\t        <a class=\"btn-play popup-video elementor-animation-pulse-shrink\" href=\"https:\/\/www.youtube.com\/watch?v=NsYhzOK6EyU\">\n\t\t        \t<i class=\"fas fa-play\"><\/i>\n\n\t\t        \t\t\t        \t<span class=\"circle-1\"><\/span>\n\t\t\t\t\t<span class=\"circle-2\"><\/span>\n\t\t\t\t\t\t\t        <\/a>\n\t        <\/div>\n\t        \t    <\/div>\n\t    \t\t\t\t<\/div>\n\t\t\t\t<\/div>\n\t\t\t\t<div class=\"elementor-element elementor-element-9e9fb50 elementor-widget elementor-widget-spacer\" data-id=\"9e9fb50\" data-element_type=\"widget\" data-widget_type=\"spacer.default\">\n\t\t\t\t<div class=\"elementor-widget-container\">\n\t\t\t\t\t\t\t<div class=\"elementor-spacer\">\n\t\t\t<div class=\"elementor-spacer-inner\"><\/div>\n\t\t<\/div>\n\t\t\t\t\t\t<\/div>\n\t\t\t\t<\/div>\n\t\t\t\t\t<\/div>\n\t\t<\/div>\n\t\t\t\t\t<\/div>\n\t\t<\/section>\n\t\t\t\t<\/div>\n\t\t","protected":false},"excerpt":{"rendered":"<p>REFERANSLARIMIZ Sizleri de aram\u0131zda g\u00f6rmekten mutluluk duyar\u0131z. ADA TRuSt\u5927r MUHENDISLIK D\u0131\u015f Ticaret<\/p>\n","protected":false},"author":1,"featured_media":0,"parent":0,"menu_order":0,"comment_status":"closed","ping_status":"closed","template":"","meta":{"_monsterinsights_skip_tracking":false,"_monsterinsights_sitenote_active":false,"_monsterinsights_sitenote_note":"","_monsterinsights_sitenote_category":0,"ngg_post_thumbnail":0,"footnotes":""},"class_list":["post-2263","page","type-page","status-publish","hentry"],"aioseo_notices":[],"_links":{"self":[{"href":"https:\/\/adatrustar.com.tr\/index.php\/wp-json\/wp\/v2\/pages\/2263","targetHints":{"allow":["GET"]}}],"collection":[{"href":"https:\/\/adatrustar.com.tr\/index.php\/wp-json\/wp\/v2\/pages"}],"about":[{"href":"https:\/\/adatrustar.com.tr\/index.php\/wp-json\/wp\/v2\/types\/page"}],"author":[{"embeddable":true,"href":"https:\/\/adatrustar.com.tr\/index.php\/wp-json\/wp\/v2\/users\/1"}],"replies":[{"embeddable":true,"href":"https:\/\/adatrustar.com.tr\/index.php\/wp-json\/wp\/v2\/comments?post=2263"}],"version-history":[{"count":32,"href":"https:\/\/adatrustar.com.tr\/index.php\/wp-json\/wp\/v2\/pages\/2263\/revisions"}],"predecessor-version":[{"id":3067,"href":"https:\/\/adatrustar.com.tr\/index.php\/wp-json\/wp\/v2\/pages\/2263\/revisions\/3067"}],"wp:attachment":[{"href":"https:\/\/adatrustar.com.tr\/index.php\/wp-json\/wp\/v2\/media?parent=2263"}],"curies":[{"name":"wp","href":"https:\/\/api.w.org\/{rel}","templated":true}]}}